                                                                                                                                                                                                                                                                                                      {"id":49,"date":"2025-11-16T09:26:00","date_gmt":"2025-11-16T08:26:00","guid":{"rendered":"https:\/\/transfergoodsevilla.com\/mi-cuenta\/"},"modified":"2026-02-11T19:11:58","modified_gmt":"2026-02-11T18:11:58","slug":"mi-cuenta","status":"publish","type":"page","link":"https:\/\/transfergoodsevilla.com\/es\/mi-cuenta\/","title":{"rendered":"Mi cuenta"},"content":{"rendered":"\t\t<div data-elementor-type=\"wp-page\" data-elementor-id=\"49\" class=\"elementor elementor-49\" data-elementor-post-type=\"page\">\n\t\t\t\t\t\t<section class=\"elementor-section elementor-top-section elementor-element elementor-element-de44490 elementor-section-boxed elementor-section-height-default elementor-section-height-default\" data-id=\"de44490\" data-element_type=\"section\" data-e-type=\"section\" data-settings=\"{&quot;background_background&quot;:&quot;classic&quot;}\">\n\t\t\t\t\t\t\t<div class=\"elementor-background-overlay\"><\/div>\n\t\t\t\t\t\t\t<div class=\"elementor-container elementor-column-gap-default\">\n\t\t\t\t\t<div class=\"elementor-column elementor-col-100 elementor-top-column elementor-element elementor-element-ad956dc\" data-id=\"ad956dc\" data-element_type=\"column\" data-e-type=\"column\">\n\t\t\t<div class=\"elementor-widget-wrap elementor-element-populated\">\n\t\t\t\t\t\t<div class=\"elementor-element elementor-element-6a2ff37 elementor-widget elementor-widget-heading\" data-id=\"6a2ff37\" data-element_type=\"widget\" data-e-type=\"widget\" data-widget_type=\"heading.default\">\n\t\t\t\t\t<h1 class=\"elementor-heading-title elementor-size-default\">Mi cuenta<\/h1>\t\t\t\t<\/div>\n\t\t\t\t\t<\/div>\n\t\t<\/div>\n\t\t\t\t\t<\/div>\n\t\t<\/section>\n\t\t<div class=\"elementor-element elementor-element-5d36e2f e-con-full jedv-enabled--yes e-flex e-con e-parent\" data-id=\"5d36e2f\" data-element_type=\"container\" data-e-type=\"container\">\n\t\t<div class=\"elementor-element elementor-element-6359486 e-con-full e-flex e-con e-child\" data-id=\"6359486\" data-element_type=\"container\" data-e-type=\"container\">\n\t\t\t\t<div class=\"elementor-element elementor-element-01cc607 e-my-account-tabs-horizontal elementor-widget elementor-widget-woocommerce-my-account\" data-id=\"01cc607\" data-element_type=\"widget\" data-e-type=\"widget\" data-widget_type=\"woocommerce-my-account.default\">\n\t\t\t\t\t<div class=\"e-my-account-tab e-my-account-tab__ \">\t\t\t<div class=\"woocommerce\"><\/div>\t\t<\/div>\n\t\t\t\t\t\t<\/div>\n\t\t\t\t<div class=\"elementor-element elementor-element-e0f00b0 elementor-widget elementor-widget-text-editor\" data-id=\"e0f00b0\" data-element_type=\"widget\" data-e-type=\"widget\" data-widget_type=\"text-editor.default\">\n\t\t\t\t\t\t\t\t\t<h5>\u00bfNo tienes cuenta?\u00a0 <a href=\"\/registro-usuario\/\"><strong>Reg\u00edstrate aqu\u00ed<\/strong><\/a>.<\/h5>\t\t\t\t\t\t\t\t<\/div>\n\t\t\t\t<\/div>\n\t\t\t\t<\/div>\n\t\t\t\t<\/div>\n\t\t","protected":false},"excerpt":{"rendered":"<p>Escritorio Pedidos Direcciones Detalles de la cuenta Cerrar sesi\u00f3n Escritorio Pedidos Direcciones Detalles de la cuenta Cerrar sesi\u00f3n Escritorio Pedidos Direcciones Detalles de la cuenta Cerrar sesi\u00f3n Escritorio Pedidos Direcciones Detalles de la cuenta Cerrar sesi\u00f3n Hola luciana@adrirodrigoagencia.es (\u00bfno eres luciana@adrirodrigoagencia.es? Cerrar sesi\u00f3n) Desde el escritorio de tu cuenta puedes ver tus pedidos recientes, gestionar [&hellip;]<\/p>\n","protected":false},"author":2,"featured_media":0,"parent":0,"menu_order":0,"comment_status":"closed","ping_status":"closed","template":"","meta":{"footnotes":""},"class_list":["post-49","page","type-page","status-publish","hentry"],"yoast_head":"<!-- This site is optimized with the Yoast SEO plugin v27.3 - https:\/\/yoast.com\/product\/yoast-seo-wordpress\/ -->\n<title>Mi cuenta - Transfergood sevilla<\/title>\n<meta name=\"robots\" content=\"noindex, follow\" \/>\n<meta property=\"og:locale\" content=\"es_ES\" \/>\n<meta property=\"og:type\" content=\"article\" \/>\n<meta property=\"og:title\" content=\"Mi cuenta - Transfergood sevilla\" \/>\n<meta property=\"og:description\" content=\"Escritorio Pedidos Direcciones Detalles de la cuenta Cerrar sesi\u00f3n Escritorio Pedidos Direcciones Detalles de la cuenta Cerrar sesi\u00f3n Escritorio Pedidos Direcciones Detalles de la cuenta Cerrar sesi\u00f3n Escritorio Pedidos Direcciones Detalles de la cuenta Cerrar sesi\u00f3n Hola luciana@adrirodrigoagencia.es (\u00bfno eres luciana@adrirodrigoagencia.es? Cerrar sesi\u00f3n) Desde el escritorio de tu cuenta puedes ver tus pedidos recientes, gestionar [&hellip;]\" \/>\n<meta property=\"og:url\" content=\"https:\/\/transfergoodsevilla.com\/es\/mi-cuenta\/\" \/>\n<meta property=\"og:site_name\" content=\"Transfergood sevilla\" \/>\n<meta property=\"article:modified_time\" content=\"2026-02-11T18:11:58+00:00\" \/>\n<meta name=\"twitter:card\" content=\"summary_large_image\" \/>\n<meta name=\"twitter:label1\" content=\"Tiempo de lectura\" \/>\n\t<meta name=\"twitter:data1\" content=\"2 minutos\" \/>\n<script type=\"application\/ld+json\" class=\"yoast-schema-graph\">{\"@context\":\"https:\\\/\\\/schema.org\",\"@graph\":[{\"@type\":\"WebPage\",\"@id\":\"https:\\\/\\\/transfergoodsevilla.com\\\/mi-cuenta\\\/\",\"url\":\"https:\\\/\\\/transfergoodsevilla.com\\\/mi-cuenta\\\/\",\"name\":\"Mi cuenta - Transfergood sevilla\",\"isPartOf\":{\"@id\":\"https:\\\/\\\/transfergoodsevilla.com\\\/#website\"},\"datePublished\":\"2025-11-16T08:26:00+00:00\",\"dateModified\":\"2026-02-11T18:11:58+00:00\",\"breadcrumb\":{\"@id\":\"https:\\\/\\\/transfergoodsevilla.com\\\/mi-cuenta\\\/#breadcrumb\"},\"inLanguage\":\"es\",\"potentialAction\":[{\"@type\":\"ReadAction\",\"target\":[\"https:\\\/\\\/transfergoodsevilla.com\\\/mi-cuenta\\\/\"]}]},{\"@type\":\"BreadcrumbList\",\"@id\":\"https:\\\/\\\/transfergoodsevilla.com\\\/mi-cuenta\\\/#breadcrumb\",\"itemListElement\":[{\"@type\":\"ListItem\",\"position\":1,\"name\":\"Portada\",\"item\":\"https:\\\/\\\/transfergoodsevilla.com\\\/\"},{\"@type\":\"ListItem\",\"position\":2,\"name\":\"Mi cuenta\"}]},{\"@type\":\"WebSite\",\"@id\":\"https:\\\/\\\/transfergoodsevilla.com\\\/#website\",\"url\":\"https:\\\/\\\/transfergoodsevilla.com\\\/\",\"name\":\"Transfergood sevilla\",\"description\":\"\",\"publisher\":{\"@id\":\"https:\\\/\\\/transfergoodsevilla.com\\\/#organization\"},\"potentialAction\":[{\"@type\":\"SearchAction\",\"target\":{\"@type\":\"EntryPoint\",\"urlTemplate\":\"https:\\\/\\\/transfergoodsevilla.com\\\/?s={search_term_string}\"},\"query-input\":{\"@type\":\"PropertyValueSpecification\",\"valueRequired\":true,\"valueName\":\"search_term_string\"}}],\"inLanguage\":\"es\"},{\"@type\":\"Organization\",\"@id\":\"https:\\\/\\\/transfergoodsevilla.com\\\/#organization\",\"name\":\"Transfergood sevilla\",\"url\":\"https:\\\/\\\/transfergoodsevilla.com\\\/\",\"logo\":{\"@type\":\"ImageObject\",\"inLanguage\":\"es\",\"@id\":\"https:\\\/\\\/transfergoodsevilla.com\\\/#\\\/schema\\\/logo\\\/image\\\/\",\"url\":\"https:\\\/\\\/transfergoodsevilla.com\\\/wp-content\\\/uploads\\\/2026\\\/02\\\/cropped-logo-png1.webp\",\"contentUrl\":\"https:\\\/\\\/transfergoodsevilla.com\\\/wp-content\\\/uploads\\\/2026\\\/02\\\/cropped-logo-png1.webp\",\"width\":1079,\"height\":594,\"caption\":\"Transfergood sevilla\"},\"image\":{\"@id\":\"https:\\\/\\\/transfergoodsevilla.com\\\/#\\\/schema\\\/logo\\\/image\\\/\"}}]}<\/script>\n<!-- \/ Yoast SEO plugin. -->","yoast_head_json":{"title":"Mi cuenta - Transfergood sevilla","robots":{"index":"noindex","follow":"follow"},"og_locale":"es_ES","og_type":"article","og_title":"Mi cuenta - Transfergood sevilla","og_description":"Escritorio Pedidos Direcciones Detalles de la cuenta Cerrar sesi\u00f3n Escritorio Pedidos Direcciones Detalles de la cuenta Cerrar sesi\u00f3n Escritorio Pedidos Direcciones Detalles de la cuenta Cerrar sesi\u00f3n Escritorio Pedidos Direcciones Detalles de la cuenta Cerrar sesi\u00f3n Hola luciana@adrirodrigoagencia.es (\u00bfno eres luciana@adrirodrigoagencia.es? Cerrar sesi\u00f3n) Desde el escritorio de tu cuenta puedes ver tus pedidos recientes, gestionar [&hellip;]","og_url":"https:\/\/transfergoodsevilla.com\/es\/mi-cuenta\/","og_site_name":"Transfergood sevilla","article_modified_time":"2026-02-11T18:11:58+00:00","twitter_card":"summary_large_image","twitter_misc":{"Tiempo de lectura":"2 minutos"},"schema":{"@context":"https:\/\/schema.org","@graph":[{"@type":"WebPage","@id":"https:\/\/transfergoodsevilla.com\/mi-cuenta\/","url":"https:\/\/transfergoodsevilla.com\/mi-cuenta\/","name":"Mi cuenta - Transfergood sevilla","isPartOf":{"@id":"https:\/\/transfergoodsevilla.com\/#website"},"datePublished":"2025-11-16T08:26:00+00:00","dateModified":"2026-02-11T18:11:58+00:00","breadcrumb":{"@id":"https:\/\/transfergoodsevilla.com\/mi-cuenta\/#breadcrumb"},"inLanguage":"es","potentialAction":[{"@type":"ReadAction","target":["https:\/\/transfergoodsevilla.com\/mi-cuenta\/"]}]},{"@type":"BreadcrumbList","@id":"https:\/\/transfergoodsevilla.com\/mi-cuenta\/#breadcrumb","itemListElement":[{"@type":"ListItem","position":1,"name":"Portada","item":"https:\/\/transfergoodsevilla.com\/"},{"@type":"ListItem","position":2,"name":"Mi cuenta"}]},{"@type":"WebSite","@id":"https:\/\/transfergoodsevilla.com\/#website","url":"https:\/\/transfergoodsevilla.com\/","name":"Transfergood sevilla","description":"","publisher":{"@id":"https:\/\/transfergoodsevilla.com\/#organization"},"potentialAction":[{"@type":"SearchAction","target":{"@type":"EntryPoint","urlTemplate":"https:\/\/transfergoodsevilla.com\/?s={search_term_string}"},"query-input":{"@type":"PropertyValueSpecification","valueRequired":true,"valueName":"search_term_string"}}],"inLanguage":"es"},{"@type":"Organization","@id":"https:\/\/transfergoodsevilla.com\/#organization","name":"Transfergood sevilla","url":"https:\/\/transfergoodsevilla.com\/","logo":{"@type":"ImageObject","inLanguage":"es","@id":"https:\/\/transfergoodsevilla.com\/#\/schema\/logo\/image\/","url":"https:\/\/transfergoodsevilla.com\/wp-content\/uploads\/2026\/02\/cropped-logo-png1.webp","contentUrl":"https:\/\/transfergoodsevilla.com\/wp-content\/uploads\/2026\/02\/cropped-logo-png1.webp","width":1079,"height":594,"caption":"Transfergood sevilla"},"image":{"@id":"https:\/\/transfergoodsevilla.com\/#\/schema\/logo\/image\/"}}]}},"_links":{"self":[{"href":"https:\/\/transfergoodsevilla.com\/es\/wp-json\/wp\/v2\/pages\/49","targetHints":{"allow":["GET"]}}],"collection":[{"href":"https:\/\/transfergoodsevilla.com\/es\/wp-json\/wp\/v2\/pages"}],"about":[{"href":"https:\/\/transfergoodsevilla.com\/es\/wp-json\/wp\/v2\/types\/page"}],"author":[{"embeddable":true,"href":"https:\/\/transfergoodsevilla.com\/es\/wp-json\/wp\/v2\/users\/2"}],"replies":[{"embeddable":true,"href":"https:\/\/transfergoodsevilla.com\/es\/wp-json\/wp\/v2\/comments?post=49"}],"version-history":[{"count":10,"href":"https:\/\/transfergoodsevilla.com\/es\/wp-json\/wp\/v2\/pages\/49\/revisions"}],"predecessor-version":[{"id":844,"href":"https:\/\/transfergoodsevilla.com\/es\/wp-json\/wp\/v2\/pages\/49\/revisions\/844"}],"wp:attachment":[{"href":"https:\/\/transfergoodsevilla.com\/es\/wp-json\/wp\/v2\/media?parent=49"}],"curies":[{"name":"wp","href":"https:\/\/api.w.org\/{rel}","templated":true}]}}